{"id":7,"date":"2014-09-03T12:14:03","date_gmt":"2014-09-03T10:14:03","guid":{"rendered":"http:\/\/skitch4.de\/?page_id=7"},"modified":"2017-02-21T18:10:57","modified_gmt":"2017-02-21T16:10:57","slug":"musiker","status":"publish","type":"page","link":"https:\/\/skitch4.de\/?page_id=7","title":{"rendered":"Musiker"},"content":{"rendered":"<p style=\"text-align: left;\">Lina Senkowski &#8211; Schon seit ihrer Kindheit interessiert Lina sich f\u00fcr Musik, sie nahm Klavierunterricht und hat ihren ganz eigenen Musikgeschmack. Zu ihren Vorbildern z\u00e4hlt beispielsweise Bastille, Taylor Swift, Tracy Chapman, Ed Sheeran. Doch ihr eigenes Gesangstalent behielt sie lange Zeit f\u00fcr sich. Umso besser, dass sie durch SKITCH 4 endlich \u00fcber ihren Schatten gesprungen ist und uns an ihrem atem(be)raubenden Talent teilhaben l\u00e4sst. Ihre Stimme ist so sanft und so sch\u00f6n, dass man glaubt, auf Wolken zu schweben&#8230;<\/p>\n<p>Emily Dilewski &#8211; Als Tochter einer erfolgreichen Geigenspielerin, erbte auch Emily dieses musikalische Talent. Bereits in der Grundschule pr\u00e4sentierte sie bei Weihnachtsfeiern ihre Begabung an der Geige und nat\u00fcrlich ihre unverwechselbare Stimme. Dies zieht sich durch bis heute &#8211; das Abitur gemeistert, studiert sie nun an der Folkwang-Universit\u00e4t in Essen Musik und Gesang. Ihre Stimme geht unter die Haut &#8211; einerseits kr\u00e4ftig, andererseits engelsgleich. Von Klassik \u00fcber Musical bishin zu modernen Pop-Songs &#8211; aus Emilys Mund ist jeder Song ein Moment in einer anderen Welt.<\/p>\n<p>Joscha Kuretitsch &#8211; Bereits in jungen Jahren fing Joscha an Gitarre zu spielen. Durch professionellen Unterricht, der Hingabe und Geduld seines Vaters und seinem eigenen Ehrgeiz schafft er es, unglaubliche St\u00fccke auf der Klampfe zu spielen, die jeden dahinschmelzen lassen oder das Publikum zum Abrocken animiert.<\/p>\n<p>Horst Kuretitsch &#8211; Schon in seiner Jugend begeisterte Horst als Saxophonist von Bands wie &#8222;Kr\u00f6semeyer&#8220;, &#8222;La Pele Mele&#8220;, die &#8222;Gilden Band&#8220; (sprich: G-Ilden), &#8222;The Plot&#8220; oder als Gast bei &#8222;Ville 29&#8220; seine H\u00f6rer. Als perfekten Ausgleich zum Alltagsleben, fand er in den letzten Jahren zur\u00fcck zur Musik und legt sein ganzes Herzblut in seine neue Band SKITCH 4. Er ist das Herz und die Seele der Band, was vor allem durch seinen Einsatz an den verschiedensten Instrumenten zu bemerken ist. Egal ob am Cajon, an Rasseln oder Schellen, an der Gitarre im Duett mit seinem Sohn oder &#8211; zur\u00fcck zu seinen Wurzeln &#8211; am Saxophon &#8211; \u00fcberall gl\u00e4nzt er und gibt SKITCH 4 seinen ganz eigenen Sound und Wiedererkennungswert!<\/p>\n<p><a href=\"https:\/\/skitch4.de\/wp-content\/uploads\/2014\/09\/SKITCH-4-_logo.jpg\"><img loading=\"lazy\" decoding=\"async\" class=\"wp-image-94 size-thumbnail aligncenter\" src=\"https:\/\/skitch4.de\/wp-content\/uploads\/2014\/09\/SKITCH-4-_logo-150x150.jpg\" alt=\"SKITCH 4 _logo\" width=\"150\" height=\"150\" srcset=\"https:\/\/skitch4.de\/wp-content\/uploads\/2014\/09\/SKITCH-4-_logo-150x150.jpg 150w, https:\/\/skitch4.de\/wp-content\/uploads\/2014\/09\/SKITCH-4-_logo-300x300.jpg 300w, https:\/\/skitch4.de\/wp-content\/uploads\/2014\/09\/SKITCH-4-_logo.jpg 960w\" sizes=\"auto, (max-width: 150px) 100vw, 150px\" \/><\/a><\/p>\n","protected":false},"excerpt":{"rendered":"<p>Lina Senkowski &#8211; Schon seit ihrer Kindheit interessiert Lina sich f\u00fcr Musik, sie nahm Klavierunterricht und hat ihren ganz eigenen Musikgeschmack. Zu ihren Vorbildern z\u00e4hlt beispielsweise Bastille, Taylor Swift, Tracy <a class=\"more-link\" href=\"https:\/\/skitch4.de\/?page_id=7\">Weiterlesen\u00a0\u2026<\/a><\/p>\n","protected":false},"author":1,"featured_media":0,"parent":0,"menu_order":2,"comment_status":"closed","ping_status":"open","template":"","meta":{"footnotes":""},"class_list":["post-7","page","type-page","status-publish","hentry"],"_links":{"self":[{"href":"https:\/\/skitch4.de\/index.php?rest_route=\/wp\/v2\/pages\/7","targetHints":{"allow":["GET"]}}],"collection":[{"href":"https:\/\/skitch4.de\/index.php?rest_route=\/wp\/v2\/pages"}],"about":[{"href":"https:\/\/skitch4.de\/index.php?rest_route=\/wp\/v2\/types\/page"}],"author":[{"embeddable":true,"href":"https:\/\/skitch4.de\/index.php?rest_route=\/wp\/v2\/users\/1"}],"replies":[{"embeddable":true,"href":"https:\/\/skitch4.de\/index.php?rest_route=%2Fwp%2Fv2%2Fcomments&post=7"}],"version-history":[{"count":8,"href":"https:\/\/skitch4.de\/index.php?rest_route=\/wp\/v2\/pages\/7\/revisions"}],"predecessor-version":[{"id":326,"href":"https:\/\/skitch4.de\/index.php?rest_route=\/wp\/v2\/pages\/7\/revisions\/326"}],"wp:attachment":[{"href":"https:\/\/skitch4.de\/index.php?rest_route=%2Fwp%2Fv2%2Fmedia&parent=7"}],"curies":[{"name":"wp","href":"https:\/\/api.w.org\/{rel}","templated":true}]}}