{"id":19,"date":"2014-09-03T12:17:36","date_gmt":"2014-09-03T10:17:36","guid":{"rendered":"http:\/\/skitch4.de\/?page_id=19"},"modified":"2015-07-01T23:38:29","modified_gmt":"2015-07-01T21:38:29","slug":"kontakt-impressum","status":"publish","type":"page","link":"https:\/\/skitch4.de\/?page_id=19","title":{"rendered":"Kontakt\/ Impressum"},"content":{"rendered":"<p><strong>Inhaltlich Verantwortlicher<\/strong> gem\u00e4\u00df \u00a7 10 Absatz 3 MDStV ist:<br \/>\n<em>Horst Kuretitsch<\/em><br \/>\n<em> Mansfelder Weg 15a<\/em><br \/>\n<em> 50189 Elsdorf- Heppendorf<\/em><br \/>\n<em> +492271670023<\/em><br \/>\n<em> horst.kuretitsch@skitch4.de<\/em><\/p>\n<p><a href=\"https:\/\/skitch4.de\/\" target=\"_blank\">https:\/\/skitch4.de\/<\/a><\/p>\n<p><a href=\"https:\/\/www.facebook.com\/skitch44\" target=\"_blank\">https:\/\/www.facebook.com\/skitch44<\/a><\/p>\n<p><strong>Webdesign und Texte<\/strong><br \/>\n<em>Jana Kuretitsch<\/em><br \/>\n<em> Mansfelder Weg 15a<\/em><br \/>\n<em> 50189 Elsdorf- Heppendorf<\/em><br \/>\n<em> +492271670023<\/em><br \/>\n<em> jana.kuretitsch@gmx.de<\/em><\/p>\n<p><strong>Haftungshinweis:<\/strong> Die Inhalte dieses Webprojektes wurden sorgf\u00e4ltig gepr\u00fcft und nach bestem Wissen erstellt. Aber f\u00fcr die hier dargebotenen Informationen wird kein Anspruch auf Vollst\u00e4ndigkeit, Aktualit\u00e4t, Qualit\u00e4t und Richtigkeit erhoben. Es kann keine Verantwortung f\u00fcr Sch\u00e4den \u00fcbernommen werden, die durch das Vertrauen auf die Inhalte dieser Website oder deren Gebrauch entstehen. Trotz sorgf\u00e4ltiger inhaltlicher Kontrolle \u00fcbernehme ich keine Haftung f\u00fcr die Inhalte externer Links. F\u00fcr den Inhalt der verlinkten Seiten sind ausschliesslich deren Betreiber verantwortlich.<\/p>\n<p><strong>Schutzrechtsverletzung:<\/strong> Falls Sie vermuten, dass von dieser Website aus eines Ihrer Schutzrechte verletzt wird, teilen Sie das bitte umgehend per <strong>EMail<\/strong> mit, damit z\u00fcgig Abhilfe geschaffen werden kann. Bitte nehmen Sie zur Kenntnis: Die zeitaufw\u00e4ndigere Einschaltung eines Anwaltes, zur f\u00fcr den Diensteanbieter kostenpflichtigen Abmahnung, entspricht nicht dessen wirklichen oder mutmasslichen Willen.<\/p>\n<p>Gem\u00e4\u00df \u00a7 28 BDSG widerspreche ich jeder kommerziellen Verwendung und Weitergabe meiner Daten.<\/p>\n","protected":false},"excerpt":{"rendered":"<p>Inhaltlich Verantwortlicher gem\u00e4\u00df \u00a7 10 Absatz 3 MDStV ist: Horst Kuretitsch Mansfelder Weg 15a 50189 Elsdorf- Heppendorf +492271670023 horst.kuretitsch@skitch4.de https:\/\/skitch4.de\/ https:\/\/www.facebook.com\/skitch44 Webdesign und Texte Jana Kuretitsch Mansfelder Weg 15a 50189 <a class=\"more-link\" href=\"https:\/\/skitch4.de\/?page_id=19\">Weiterlesen\u00a0\u2026<\/a><\/p>\n","protected":false},"author":1,"featured_media":0,"parent":0,"menu_order":8,"comment_status":"closed","ping_status":"open","template":"","meta":{"footnotes":""},"class_list":["post-19","page","type-page","status-publish","hentry"],"_links":{"self":[{"href":"https:\/\/skitch4.de\/index.php?rest_route=\/wp\/v2\/pages\/19","targetHints":{"allow":["GET"]}}],"collection":[{"href":"https:\/\/skitch4.de\/index.php?rest_route=\/wp\/v2\/pages"}],"about":[{"href":"https:\/\/skitch4.de\/index.php?rest_route=\/wp\/v2\/types\/page"}],"author":[{"embeddable":true,"href":"https:\/\/skitch4.de\/index.php?rest_route=\/wp\/v2\/users\/1"}],"replies":[{"embeddable":true,"href":"https:\/\/skitch4.de\/index.php?rest_route=%2Fwp%2Fv2%2Fcomments&post=19"}],"version-history":[{"count":10,"href":"https:\/\/skitch4.de\/index.php?rest_route=\/wp\/v2\/pages\/19\/revisions"}],"predecessor-version":[{"id":156,"href":"https:\/\/skitch4.de\/index.php?rest_route=\/wp\/v2\/pages\/19\/revisions\/156"}],"wp:attachment":[{"href":"https:\/\/skitch4.de\/index.php?rest_route=%2Fwp%2Fv2%2Fmedia&parent=19"}],"curies":[{"name":"wp","href":"https:\/\/api.w.org\/{rel}","templated":true}]}}